{"id":160,"date":"2025-01-18T16:57:33","date_gmt":"2025-01-18T16:57:33","guid":{"rendered":"https:\/\/www.bmwheritage.club\/?page_id=160"},"modified":"2025-07-28T06:55:04","modified_gmt":"2025-07-28T06:55:04","slug":"document-technique","status":"publish","type":"page","link":"https:\/\/www.bmwheritage.club\/index.php\/document-technique\/","title":{"rendered":"Documents techniques"},"content":{"rendered":"\n<p>Le BMW Club HERITAGE Brussels collabore avec le site PlanDeGraissage, vous pouvez y trouver des documents sur les voitures, les tracteurs, les camions, les motos, \u2026<\/p>\n\n\n\n<p>Les membres du Club ont scann\u00e9 leurs documents et les ont d\u00e9pos\u00e9s sur le site <strong>PlanDeGraissage<\/strong>.<\/p>\n\n\n\n<p>Nous vous invitons \u00e0 consulter cette bible de +\/- 63.000 documents.<\/p>\n\n\n\n<p class=\"has-text-align-center\"><a href=\"http:\/\/WWW.Plandegraissage.org\" data-type=\"link\" data-id=\"WWW.Plandegraissage.org\"><strong>WWW.Plandegraissage.org<\/strong><\/a><\/p>\n\n\n\n<figure class=\"wp-block-image size-large\"><img loading=\"lazy\" decoding=\"async\" width=\"1024\" height=\"623\" src=\"https:\/\/www.bmwheritage.club\/wp-content\/uploads\/2025\/01\/1-1024x623.jpg\" alt=\"\" class=\"wp-image-171\" srcset=\"https:\/\/www.bmwheritage.club\/wp-content\/uploads\/2025\/01\/1-1024x623.jpg 1024w, https:\/\/www.bmwheritage.club\/wp-content\/uploads\/2025\/01\/1-300x183.jpg 300w, https:\/\/www.bmwheritage.club\/wp-content\/uploads\/2025\/01\/1-768x467.jpg 768w, https:\/\/www.bmwheritage.club\/wp-content\/uploads\/2025\/01\/1.jpg 1239w\" sizes=\"auto, (max-width: 1024px) 100vw, 1024px\" \/><\/figure>\n\n\n\n<p>L\u2019utilisation est simple, mettre des mots clef dans le champs de recherche<\/p>\n\n\n\n<figure class=\"wp-block-image size-large\"><img loading=\"lazy\" decoding=\"async\" width=\"1024\" height=\"348\" src=\"https:\/\/www.bmwheritage.club\/wp-content\/uploads\/2025\/01\/2-1024x348.jpg\" alt=\"\" class=\"wp-image-172\" srcset=\"https:\/\/www.bmwheritage.club\/wp-content\/uploads\/2025\/01\/2-1024x348.jpg 1024w, https:\/\/www.bmwheritage.club\/wp-content\/uploads\/2025\/01\/2-300x102.jpg 300w, https:\/\/www.bmwheritage.club\/wp-content\/uploads\/2025\/01\/2-768x261.jpg 768w, https:\/\/www.bmwheritage.club\/wp-content\/uploads\/2025\/01\/2.jpg 1215w\" sizes=\"auto, (max-width: 1024px) 100vw, 1024px\" \/><\/figure>\n\n\n\n<p>Vous obtenez une pr\u00e9vue des documents.<\/p>\n\n\n\n<figure class=\"wp-block-image size-large\"><img loading=\"lazy\" decoding=\"async\" width=\"1024\" height=\"717\" src=\"https:\/\/www.bmwheritage.club\/wp-content\/uploads\/2025\/01\/3-1024x717.jpg\" alt=\"\" class=\"wp-image-173\" srcset=\"https:\/\/www.bmwheritage.club\/wp-content\/uploads\/2025\/01\/3-1024x717.jpg 1024w, https:\/\/www.bmwheritage.club\/wp-content\/uploads\/2025\/01\/3-300x210.jpg 300w, https:\/\/www.bmwheritage.club\/wp-content\/uploads\/2025\/01\/3-768x538.jpg 768w, https:\/\/www.bmwheritage.club\/wp-content\/uploads\/2025\/01\/3.jpg 1273w\" sizes=\"auto, (max-width: 1024px) 100vw, 1024px\" \/><\/figure>\n\n\n\n<p>Vous s\u00e9lectionnez le document.<\/p>\n\n\n\n<figure class=\"wp-block-image size-large\"><img loading=\"lazy\" decoding=\"async\" width=\"1024\" height=\"698\" src=\"https:\/\/www.bmwheritage.club\/wp-content\/uploads\/2025\/01\/4-1024x698.jpg\" alt=\"\" class=\"wp-image-174\" srcset=\"https:\/\/www.bmwheritage.club\/wp-content\/uploads\/2025\/01\/4-1024x698.jpg 1024w, https:\/\/www.bmwheritage.club\/wp-content\/uploads\/2025\/01\/4-300x204.jpg 300w, https:\/\/www.bmwheritage.club\/wp-content\/uploads\/2025\/01\/4-768x523.jpg 768w, https:\/\/www.bmwheritage.club\/wp-content\/uploads\/2025\/01\/4.jpg 1274w\" sizes=\"auto, (max-width: 1024px) 100vw, 1024px\" \/><\/figure>\n\n\n\n<p>Et dans le bas de la fen\u00eatre, vous pouvez t\u00e9l\u00e9charger le document convoit\u00e9.<\/p>\n\n\n\n<figure class=\"wp-block-image size-large\"><img loading=\"lazy\" decoding=\"async\" width=\"1261\" height=\"450\" src=\"https:\/\/www.bmwheritage.club\/wp-content\/uploads\/2025\/01\/5-1024x365.jpg\" alt=\"\" class=\"wp-image-175\" srcset=\"https:\/\/www.bmwheritage.club\/wp-content\/uploads\/2025\/01\/5-1024x365.jpg 1024w, https:\/\/www.bmwheritage.club\/wp-content\/uploads\/2025\/01\/5-300x107.jpg 300w, https:\/\/www.bmwheritage.club\/wp-content\/uploads\/2025\/01\/5-768x274.jpg 768w, https:\/\/www.bmwheritage.club\/wp-content\/uploads\/2025\/01\/5.jpg 1261w\" sizes=\"auto, (max-width: 1261px) 100vw, 1261px\" \/><\/figure>\n\n\n\n<p>Bonne recherche.<\/p>\n\n\n\n<p class=\"has-text-align-center\"><strong>Contactez-nous : <a href=\"mailto:bmw.club.heritage@gmail.com\">bmw.club.heritage@gmail.com<\/a><\/strong><\/p>\n","protected":false},"excerpt":{"rendered":"<p>Le BMW Club HERITAGE Brussels collabore avec le site PlanDeGraissage, vous pouvez y trouver des documents sur les voitures, les tracteurs, les camions, les motos, \u2026 Les membres du Club ont scann\u00e9 leurs documents et les ont d\u00e9pos\u00e9s sur le site PlanDeGraissage. Nous vous invitons \u00e0 consulter cette bible de +\/- 63.000 documents. WWW.Plandegraissage.org L\u2019utilisation [&hellip;]<\/p>\n","protected":false},"author":2,"featured_media":0,"parent":0,"menu_order":0,"comment_status":"closed","ping_status":"closed","template":"","meta":{"footnotes":""},"class_list":["post-160","page","type-page","status-publish","hentry"],"_links":{"self":[{"href":"https:\/\/www.bmwheritage.club\/index.php\/wp-json\/wp\/v2\/pages\/160","targetHints":{"allow":["GET"]}}],"collection":[{"href":"https:\/\/www.bmwheritage.club\/index.php\/wp-json\/wp\/v2\/pages"}],"about":[{"href":"https:\/\/www.bmwheritage.club\/index.php\/wp-json\/wp\/v2\/types\/page"}],"author":[{"embeddable":true,"href":"https:\/\/www.bmwheritage.club\/index.php\/wp-json\/wp\/v2\/users\/2"}],"replies":[{"embeddable":true,"href":"https:\/\/www.bmwheritage.club\/index.php\/wp-json\/wp\/v2\/comments?post=160"}],"version-history":[{"count":15,"href":"https:\/\/www.bmwheritage.club\/index.php\/wp-json\/wp\/v2\/pages\/160\/revisions"}],"predecessor-version":[{"id":315,"href":"https:\/\/www.bmwheritage.club\/index.php\/wp-json\/wp\/v2\/pages\/160\/revisions\/315"}],"wp:attachment":[{"href":"https:\/\/www.bmwheritage.club\/index.php\/wp-json\/wp\/v2\/media?parent=160"}],"curies":[{"name":"wp","href":"https:\/\/api.w.org\/{rel}","templated":true}]}}