{"id":222,"date":"2025-01-19T14:28:04","date_gmt":"2025-01-19T14:28:04","guid":{"rendered":"https:\/\/www.bmwheritage.club\/?page_id=222"},"modified":"2025-07-28T06:56:43","modified_gmt":"2025-07-28T06:56:43","slug":"politique-de-confidentialite-de-bmw-club-heritage","status":"publish","type":"page","link":"https:\/\/www.bmwheritage.club\/index.php\/politique-de-confidentialite-de-bmw-club-heritage\/","title":{"rendered":"Politique de confidentialit\u00e9 de BMW Club HERITAGE Brussels"},"content":{"rendered":"\n<p><em>Version : Janvier 2025<\/em><\/p>\n\n\n\n<p>La pr\u00e9sente politique de confidentialit\u00e9 s\u2019applique au site web et aux services de BMW Club HERITAGE Brussels, 204 rue du Noyer, 1030 Bruxelles, ASBL N\u00b0 d\u2019entreprise : 1010 414 851.<\/p>\n\n\n\n<p>Cette politique de confidentialit\u00e9 est bas\u00e9e sur les exigences de la l\u00e9gislation europ\u00e9enne en mati\u00e8re de protection des donn\u00e9es et de respect de la vie priv\u00e9e, R\u00c8GLEMENT (UE) 2016\/679 DU PARLEMENT EUROP\u00c9EN ET DU CONSEIL du 27 avril 2016 relatif \u00e0 la protection des personnes physiques \u00e0 l\u2019\u00e9gard du traitement des donn\u00e9es \u00e0 caract\u00e8re personnel et \u00e0 la libre circulation de ces donn\u00e9es, et abrogeant la Directive 95\/46\/CE (R\u00e8glement g\u00e9n\u00e9ral sur la protection des donn\u00e9es ou RGPD\u201d. Si, dans certains cas particuliers, la l\u00e9gislation locale applicable \u00e0 des exigences plus strictes en mati\u00e8re de protection des donn\u00e9es et de vie priv\u00e9e que la pr\u00e9sente politique de confidentialit\u00e9, les donn\u00e9es \u00e0 caract\u00e8re personnel devront \u00eatre trait\u00e9es conform\u00e9ment \u00e0 ces lois plus strictes.<\/p>\n\n\n\n<p>Les donn\u00e9es \u00e0 caract\u00e8re personnel trait\u00e9es au cours de l\u2019inscription et de l\u2019utilisation des services BMW Club HERITAGE Brussels ne sont collect\u00e9es, transmises et trait\u00e9es que de la mani\u00e8re d\u00e9crite ci-dessous.<\/p>\n\n\n\n<p><strong>Traitement des donn\u00e9es \u00e0 caract\u00e8re personnel et finalit\u00e9s du traitement<\/strong><\/p>\n\n\n\n<p>Il est possible d\u2019utiliser la partie publique du site web sans l\u2019identification de l\u2019utilisateur. L\u2019acc\u00e8s \u00e0 la partie non publique du site web est limit\u00e9 aux membres enregistr\u00e9s.<\/p>\n\n\n\n<p>Afin d\u2019assurer une ex\u00e9cution correcte du service et de s\u00e9curiser l\u2019identification et l\u2019autorisation de l\u2019utilisateur pour la partie non publique des informations propos\u00e9es, les donn\u00e9es d\u2019utilisateur suivantes sont collect\u00e9es et trait\u00e9es&nbsp;:<\/p>\n\n\n\n<ul class=\"wp-block-list\">\n<li>Nom, pr\u00e9nom, titre, adresse e-mail, langue, num\u00e9ro de GSM et adresse postale<\/li>\n\n\n\n<li>Conditions d\u2019adh\u00e9sion concernant le v\u00e9hicule<\/li>\n\n\n\n<li>Num\u00e9ro de t\u00e9l\u00e9phone, donn\u00e9es de facturation, pr\u00e9nom partenaire, nom partenaire et adresse e-mail partenaire peuvent \u00eatre enregistr\u00e9s (optionnel)<\/li>\n\n\n\n<li>Identification en ligne (adresse e-mail comme nom d\u2019utilisateur et mot de passe)<\/li>\n\n\n\n<li>Param\u00e8tres de configuration et pr\u00e9f\u00e9rences sp\u00e9cifiques<\/li>\n<\/ul>\n\n\n\n<p>BMW Club HERITAGE Brussels se r\u00e9serve le droit de faire des contr\u00f4les approfondis des donn\u00e9es dans les inscriptions des utilisateurs et de rejeter la demande de connexion et\/ou de bloquer l\u2019acc\u00e8s.<\/p>\n\n\n\n<p>BMW Club HERITAGE Brussels peut prendre contact avec l\u2019utilisateur gr\u00e2ce \u00e0 l\u2019adresse e-mail et au nom que l\u2019utilisateur a indiqu\u00e9 lors de l\u2019inscription pour demander des informations sur les prestations, la facilit\u00e9 d\u2019utilisation du site web et des services propos\u00e9s, ainsi que pour l\u2019enqu\u00eate sur la satisfaction de l\u2019utilisateur.<\/p>\n\n\n\n<p><strong>Protection des donn\u00e9es \u00e0 caract\u00e8re personnel<\/strong><\/p>\n\n\n\n<p>BMW Club HERITAGE Brussels applique des mesures de protection techniques et organisationnelles \u00e9tendues, afin de contribuer \u00e0 la s\u00e9curit\u00e9, \u00e0 l\u2019int\u00e9grit\u00e9 et \u00e0 la disponibilit\u00e9 de vos donn\u00e9es, conform\u00e9ment aux exigences applicables en mati\u00e8re de protection des donn\u00e9es.<\/p>\n\n\n\n<p>Seules des personnes limit\u00e9es et autoris\u00e9es de BMW Club HERITAGE Brussels ont acc\u00e8s aux fichiers journaux (log files), ils font partie du Bureau du Club. Ces personnes doivent obligatoirement respecter la confidentialit\u00e9 de ces donn\u00e9es. Les fichiers journaux sont automatiquement supprim\u00e9s et sont conserv\u00e9s pendant maximum un an.<\/p>\n\n\n\n<p><strong>Personne de contact pour la protection des donn\u00e9es chez BMW Club HERITAGE<\/strong> <\/p>\n\n\n\n<p>Si vous avez des questions concernant notre utilisation de vos donn\u00e9es \u00e0 caract\u00e8re personnel ou la pr\u00e9sente politique de confidentialit\u00e9, vous pouvez prendre contact avec le pr\u00e9sident de l\u2019ASBL Monsieur Olivier T\u00e9l.:+32 475 41 22 17<\/p>\n\n\n\n<p class=\"has-text-align-center\"><strong>Contactez-nous : <a href=\"mailto:bmw.club.heritage@gmail.com\">bmw.club.heritage@gmail.com<\/a><\/strong><\/p>\n","protected":false},"excerpt":{"rendered":"<p>Version : Janvier 2025 La pr\u00e9sente politique de confidentialit\u00e9 s\u2019applique au site web et aux services de BMW Club HERITAGE Brussels, 204 rue du Noyer, 1030 Bruxelles, ASBL N\u00b0 d\u2019entreprise : 1010 414 851. Cette politique de confidentialit\u00e9 est bas\u00e9e sur les exigences de la l\u00e9gislation europ\u00e9enne en mati\u00e8re de protection des donn\u00e9es et de [&hellip;]<\/p>\n","protected":false},"author":2,"featured_media":0,"parent":0,"menu_order":0,"comment_status":"closed","ping_status":"closed","template":"","meta":{"footnotes":""},"class_list":["post-222","page","type-page","status-publish","hentry"],"_links":{"self":[{"href":"https:\/\/www.bmwheritage.club\/index.php\/wp-json\/wp\/v2\/pages\/222","targetHints":{"allow":["GET"]}}],"collection":[{"href":"https:\/\/www.bmwheritage.club\/index.php\/wp-json\/wp\/v2\/pages"}],"about":[{"href":"https:\/\/www.bmwheritage.club\/index.php\/wp-json\/wp\/v2\/types\/page"}],"author":[{"embeddable":true,"href":"https:\/\/www.bmwheritage.club\/index.php\/wp-json\/wp\/v2\/users\/2"}],"replies":[{"embeddable":true,"href":"https:\/\/www.bmwheritage.club\/index.php\/wp-json\/wp\/v2\/comments?post=222"}],"version-history":[{"count":5,"href":"https:\/\/www.bmwheritage.club\/index.php\/wp-json\/wp\/v2\/pages\/222\/revisions"}],"predecessor-version":[{"id":319,"href":"https:\/\/www.bmwheritage.club\/index.php\/wp-json\/wp\/v2\/pages\/222\/revisions\/319"}],"wp:attachment":[{"href":"https:\/\/www.bmwheritage.club\/index.php\/wp-json\/wp\/v2\/media?parent=222"}],"curies":[{"name":"wp","href":"https:\/\/api.w.org\/{rel}","templated":true}]}}