{"id":46,"date":"2025-01-17T20:25:24","date_gmt":"2025-01-17T20:25:24","guid":{"rendered":"https:\/\/www.bmwheritage.club\/?page_id=46"},"modified":"2025-07-28T06:56:09","modified_gmt":"2025-07-28T06:56:09","slug":"les-objectifs","status":"publish","type":"page","link":"https:\/\/www.bmwheritage.club\/index.php\/les-objectifs\/","title":{"rendered":"Les objectifs"},"content":{"rendered":"\n<p>Le BMW Club Heritage Brussels poursuit des objectifs centr\u00e9s sur la pr\u00e9servation, la restauration. L\u2019un des principaux objectifs du club est de rassembler les passionn\u00e9s autour d\u2019\u00e9v\u00e9nements comme les salons de Ciney et d\u2019Interclassics Brussels. Ces salons sont des occasions uniques de pr\u00e9senter les mod\u00e8les embl\u00e9matiques de BMW, de partager des connaissances et d\u2019\u00e9changer des exp\u00e9riences avec d\u2019autres amateurs de voitures classiques. Les membres du club se mobilisent pour organiser des stands attractifs.<\/p>\n\n\n\n<figure class=\"wp-block-image size-large\"><img loading=\"lazy\" decoding=\"async\" width=\"1024\" height=\"768\" src=\"https:\/\/www.bmwheritage.club\/wp-content\/uploads\/2025\/01\/e517dfe9-f42c-436c-9f89-63564aa0dd14-1024x768.jpeg\" alt=\"\" class=\"wp-image-125\" srcset=\"https:\/\/www.bmwheritage.club\/wp-content\/uploads\/2025\/01\/e517dfe9-f42c-436c-9f89-63564aa0dd14-1024x768.jpeg 1024w, https:\/\/www.bmwheritage.club\/wp-content\/uploads\/2025\/01\/e517dfe9-f42c-436c-9f89-63564aa0dd14-300x225.jpeg 300w, https:\/\/www.bmwheritage.club\/wp-content\/uploads\/2025\/01\/e517dfe9-f42c-436c-9f89-63564aa0dd14-768x576.jpeg 768w, https:\/\/www.bmwheritage.club\/wp-content\/uploads\/2025\/01\/e517dfe9-f42c-436c-9f89-63564aa0dd14-1536x1152.jpeg 1536w, https:\/\/www.bmwheritage.club\/wp-content\/uploads\/2025\/01\/e517dfe9-f42c-436c-9f89-63564aa0dd14.jpeg 1600w\" sizes=\"auto, (max-width: 1024px) 100vw, 1024px\" \/><\/figure>\n\n\n\n<p>En plus de participer aux salons, le BMW Club Heritage Brussels organise r\u00e9guli\u00e8rement des balades, qu\u2019elles soient ponctuelles ou sur plusieurs jours. Ces escapades permettent aux membres de profiter de leurs v\u00e9hicules dans un cadre convivial et pittoresque. Les itin\u00e9raires choisis mettent en valeur des paysages magnifiques et des routes adapt\u00e9es aux anciennes voitures. Les balades peuvent \u00e9galement inclure des visites culturelles ou gastronomiques, renfor\u00e7ant les liens entre les membres.<\/p>\n\n\n\n<figure class=\"wp-block-image size-large\"><img loading=\"lazy\" decoding=\"async\" width=\"1024\" height=\"576\" src=\"https:\/\/www.bmwheritage.club\/wp-content\/uploads\/2025\/01\/20210624_171859-bis-1024x576.jpg\" alt=\"\" class=\"wp-image-127\" srcset=\"https:\/\/www.bmwheritage.club\/wp-content\/uploads\/2025\/01\/20210624_171859-bis-1024x576.jpg 1024w, https:\/\/www.bmwheritage.club\/wp-content\/uploads\/2025\/01\/20210624_171859-bis-300x169.jpg 300w, https:\/\/www.bmwheritage.club\/wp-content\/uploads\/2025\/01\/20210624_171859-bis-768x432.jpg 768w, https:\/\/www.bmwheritage.club\/wp-content\/uploads\/2025\/01\/20210624_171859-bis-1536x864.jpg 1536w, https:\/\/www.bmwheritage.club\/wp-content\/uploads\/2025\/01\/20210624_171859-bis.jpg 2016w\" sizes=\"auto, (max-width: 1024px) 100vw, 1024px\" \/><\/figure>\n\n\n\n<p>En somme, le BMW Club Heritage Brussels s\u2019engage \u00e0 offrir une plateforme enrichissante pour tous les amateurs de BMW, en cr\u00e9ant des opportunit\u00e9s de d\u00e9couverte.<\/p>\n\n\n\n<figure class=\"wp-block-image size-large\"><img loading=\"lazy\" decoding=\"async\" width=\"1024\" height=\"576\" src=\"https:\/\/www.bmwheritage.club\/wp-content\/uploads\/2025\/01\/aa49a3f5-f150-4a63-bac8-81f3d2196cd5-1024x576.jpeg\" alt=\"\" class=\"wp-image-155\" srcset=\"https:\/\/www.bmwheritage.club\/wp-content\/uploads\/2025\/01\/aa49a3f5-f150-4a63-bac8-81f3d2196cd5-1024x576.jpeg 1024w, https:\/\/www.bmwheritage.club\/wp-content\/uploads\/2025\/01\/aa49a3f5-f150-4a63-bac8-81f3d2196cd5-300x169.jpeg 300w, https:\/\/www.bmwheritage.club\/wp-content\/uploads\/2025\/01\/aa49a3f5-f150-4a63-bac8-81f3d2196cd5-768x432.jpeg 768w, https:\/\/www.bmwheritage.club\/wp-content\/uploads\/2025\/01\/aa49a3f5-f150-4a63-bac8-81f3d2196cd5-1536x864.jpeg 1536w, https:\/\/www.bmwheritage.club\/wp-content\/uploads\/2025\/01\/aa49a3f5-f150-4a63-bac8-81f3d2196cd5.jpeg 1600w\" sizes=\"auto, (max-width: 1024px) 100vw, 1024px\" \/><\/figure>\n\n\n\n<p class=\"has-text-align-center\"><strong>Contactez-nous : <a href=\"mailto:bmw.club.heritage@gmail.com\">bmw.club.heritage@gmail.com<\/a><\/strong><\/p>\n","protected":false},"excerpt":{"rendered":"<p>Le BMW Club Heritage Brussels poursuit des objectifs centr\u00e9s sur la pr\u00e9servation, la restauration. L\u2019un des principaux objectifs du club est de rassembler les passionn\u00e9s autour d\u2019\u00e9v\u00e9nements comme les salons de Ciney et d\u2019Interclassics Brussels. Ces salons sont des occasions uniques de pr\u00e9senter les mod\u00e8les embl\u00e9matiques de BMW, de partager des connaissances et d\u2019\u00e9changer des [&hellip;]<\/p>\n","protected":false},"author":2,"featured_media":0,"parent":0,"menu_order":0,"comment_status":"closed","ping_status":"closed","template":"","meta":{"footnotes":""},"class_list":["post-46","page","type-page","status-publish","hentry"],"_links":{"self":[{"href":"https:\/\/www.bmwheritage.club\/index.php\/wp-json\/wp\/v2\/pages\/46","targetHints":{"allow":["GET"]}}],"collection":[{"href":"https:\/\/www.bmwheritage.club\/index.php\/wp-json\/wp\/v2\/pages"}],"about":[{"href":"https:\/\/www.bmwheritage.club\/index.php\/wp-json\/wp\/v2\/types\/page"}],"author":[{"embeddable":true,"href":"https:\/\/www.bmwheritage.club\/index.php\/wp-json\/wp\/v2\/users\/2"}],"replies":[{"embeddable":true,"href":"https:\/\/www.bmwheritage.club\/index.php\/wp-json\/wp\/v2\/comments?post=46"}],"version-history":[{"count":8,"href":"https:\/\/www.bmwheritage.club\/index.php\/wp-json\/wp\/v2\/pages\/46\/revisions"}],"predecessor-version":[{"id":324,"href":"https:\/\/www.bmwheritage.club\/index.php\/wp-json\/wp\/v2\/pages\/46\/revisions\/324"}],"wp:attachment":[{"href":"https:\/\/www.bmwheritage.club\/index.php\/wp-json\/wp\/v2\/media?parent=46"}],"curies":[{"name":"wp","href":"https:\/\/api.w.org\/{rel}","templated":true}]}}