{"id":80,"date":"2025-01-17T22:39:30","date_gmt":"2025-01-17T22:39:30","guid":{"rendered":"https:\/\/www.bmwheritage.club\/?page_id=80"},"modified":"2025-08-09T09:36:14","modified_gmt":"2025-08-09T09:36:14","slug":"home","status":"publish","type":"page","link":"https:\/\/www.bmwheritage.club\/index.php\/home\/","title":{"rendered":"Introduction"},"content":{"rendered":"\n<p>Bienvenue dans l\u2019univers fascinant du BMW Club Heritage Brussels, un sanctuaire pour les passionn\u00e9s de l\u2019automobile qui partagent un amour inconditionnel pour les mod\u00e8les BMW d\u2019\u00e9poque, datant des origines de la marque jusqu\u2019aux ann\u00e9es 1995. Le club, fond\u00e9 par des amateurs enthousiastes, est d\u00e9di\u00e9 \u00e0 pr\u00e9server et c\u00e9l\u00e9brer l\u2019histoire et le patrimoine de BMW.<\/p>\n\n\n\n<figure class=\"wp-block-image size-large\"><img loading=\"lazy\" decoding=\"async\" width=\"1024\" height=\"768\" src=\"https:\/\/www.bmwheritage.club\/wp-content\/uploads\/2025\/04\/IMG_8110-1024x768.jpeg\" alt=\"\" class=\"wp-image-277\" srcset=\"https:\/\/www.bmwheritage.club\/wp-content\/uploads\/2025\/04\/IMG_8110-1024x768.jpeg 1024w, https:\/\/www.bmwheritage.club\/wp-content\/uploads\/2025\/04\/IMG_8110-300x225.jpeg 300w, https:\/\/www.bmwheritage.club\/wp-content\/uploads\/2025\/04\/IMG_8110-768x576.jpeg 768w, https:\/\/www.bmwheritage.club\/wp-content\/uploads\/2025\/04\/IMG_8110-1536x1152.jpeg 1536w, https:\/\/www.bmwheritage.club\/wp-content\/uploads\/2025\/04\/IMG_8110-2048x1536.jpeg 2048w\" sizes=\"auto, (max-width: 1024px) 100vw, 1024px\" \/><\/figure>\n\n\n\n<p>Au sein du Club, chaque v\u00e9hicule est une \u0153uvre d\u2019art roulante, t\u00e9moignant de l\u2019\u00e9volution technologique et stylistique de BMW au fil des d\u00e9cennies. Les membres du club sont unis par une passion commune : la restauration, la pr\u00e9servation et la conduite.<\/p>\n\n\n\n<figure class=\"wp-block-image size-large\"><img loading=\"lazy\" decoding=\"async\" width=\"1024\" height=\"768\" src=\"https:\/\/www.bmwheritage.club\/wp-content\/uploads\/2025\/01\/IMG_8115-bis-1024x768.jpeg\" alt=\"\" class=\"wp-image-123\" srcset=\"https:\/\/www.bmwheritage.club\/wp-content\/uploads\/2025\/01\/IMG_8115-bis-1024x768.jpeg 1024w, https:\/\/www.bmwheritage.club\/wp-content\/uploads\/2025\/01\/IMG_8115-bis-300x225.jpeg 300w, https:\/\/www.bmwheritage.club\/wp-content\/uploads\/2025\/01\/IMG_8115-bis-768x576.jpeg 768w, https:\/\/www.bmwheritage.club\/wp-content\/uploads\/2025\/01\/IMG_8115-bis-1536x1152.jpeg 1536w, https:\/\/www.bmwheritage.club\/wp-content\/uploads\/2025\/01\/IMG_8115-bis.jpeg 2016w\" sizes=\"auto, (max-width: 1024px) 100vw, 1024px\" \/><\/figure>\n\n\n\n<p>Qu\u2019il s\u2019agisse des premi\u00e8res berlines \u00e9l\u00e9gantes, des coup\u00e9s sportifs embl\u00e9matiques ou des roadsters qui ont marqu\u00e9 leur \u00e9poque, chaque mod\u00e8le a une histoire unique \u00e0 raconter.<\/p>\n\n\n\n<p>Rejoindre le BMW Club Heritage Brussels, c\u2019est entrer dans une communaut\u00e9, o\u00f9 les membres \u00e9changent leurs connaissances, leurs bons plans pour trouver des pi\u00e8ces rares. Le club organise r\u00e9guli\u00e8rement des \u00e9v\u00e9nements, tels que des expositions (Ciney, Interclassics,&#8230;), des rallyes et des rencontres conviviales permettant aux membres de se retrouver et de partager leur passion.<\/p>\n\n\n\n<figure class=\"wp-block-image size-large\"><img loading=\"lazy\" decoding=\"async\" width=\"1024\" height=\"576\" src=\"https:\/\/www.bmwheritage.club\/wp-content\/uploads\/2025\/01\/20210328_142551-bis-1024x576.jpg\" alt=\"\" class=\"wp-image-153\" srcset=\"https:\/\/www.bmwheritage.club\/wp-content\/uploads\/2025\/01\/20210328_142551-bis-1024x576.jpg 1024w, https:\/\/www.bmwheritage.club\/wp-content\/uploads\/2025\/01\/20210328_142551-bis-300x169.jpg 300w, https:\/\/www.bmwheritage.club\/wp-content\/uploads\/2025\/01\/20210328_142551-bis-768x432.jpg 768w, https:\/\/www.bmwheritage.club\/wp-content\/uploads\/2025\/01\/20210328_142551-bis-1536x864.jpg 1536w, https:\/\/www.bmwheritage.club\/wp-content\/uploads\/2025\/01\/20210328_142551-bis.jpg 2016w\" sizes=\"auto, (max-width: 1024px) 100vw, 1024px\" \/><\/figure>\n\n\n\n<p class=\"has-text-align-center\"><strong>Contactez-nous : <a href=\"mailto:bmw.club.heritage@gmail.com\">bmw.club.heritage@gmail.com<\/a><\/strong><\/p>\n","protected":false},"excerpt":{"rendered":"<p>Bienvenue dans l\u2019univers fascinant du BMW Club Heritage Brussels, un sanctuaire pour les passionn\u00e9s de l\u2019automobile qui partagent un amour inconditionnel pour les mod\u00e8les BMW d\u2019\u00e9poque, datant des origines de la marque jusqu\u2019aux ann\u00e9es 1995. Le club, fond\u00e9 par des amateurs enthousiastes, est d\u00e9di\u00e9 \u00e0 pr\u00e9server et c\u00e9l\u00e9brer l\u2019histoire et le patrimoine de BMW. Au [&hellip;]<\/p>\n","protected":false},"author":2,"featured_media":0,"parent":0,"menu_order":0,"comment_status":"closed","ping_status":"closed","template":"","meta":{"footnotes":""},"class_list":["post-80","page","type-page","status-publish","hentry"],"_links":{"self":[{"href":"https:\/\/www.bmwheritage.club\/index.php\/wp-json\/wp\/v2\/pages\/80","targetHints":{"allow":["GET"]}}],"collection":[{"href":"https:\/\/www.bmwheritage.club\/index.php\/wp-json\/wp\/v2\/pages"}],"about":[{"href":"https:\/\/www.bmwheritage.club\/index.php\/wp-json\/wp\/v2\/types\/page"}],"author":[{"embeddable":true,"href":"https:\/\/www.bmwheritage.club\/index.php\/wp-json\/wp\/v2\/users\/2"}],"replies":[{"embeddable":true,"href":"https:\/\/www.bmwheritage.club\/index.php\/wp-json\/wp\/v2\/comments?post=80"}],"version-history":[{"count":13,"href":"https:\/\/www.bmwheritage.club\/index.php\/wp-json\/wp\/v2\/pages\/80\/revisions"}],"predecessor-version":[{"id":322,"href":"https:\/\/www.bmwheritage.club\/index.php\/wp-json\/wp\/v2\/pages\/80\/revisions\/322"}],"wp:attachment":[{"href":"https:\/\/www.bmwheritage.club\/index.php\/wp-json\/wp\/v2\/media?parent=80"}],"curies":[{"name":"wp","href":"https:\/\/api.w.org\/{rel}","templated":true}]}}